{"id":725,"date":"2025-06-04T08:23:05","date_gmt":"2025-06-04T08:23:05","guid":{"rendered":"https:\/\/uwaldalm.com\/?page_id=725"},"modified":"2025-08-13T08:08:39","modified_gmt":"2025-08-13T08:08:39","slug":"privacy","status":"publish","type":"page","link":"https:\/\/uwaldalm.com\/it\/privacy\/","title":{"rendered":"Privacy"},"content":{"rendered":"<div data-elementor-type=\"wp-page\" data-elementor-id=\"725\" class=\"elementor elementor-725\">\n\t\t\t\t<div class=\"elementor-element elementor-element-e6d33ec e-flex e-con-boxed wpr-particle-no wpr-jarallax-no wpr-parallax-no wpr-sticky-section-no wpr-equal-height-no e-con e-parent\" data-id=\"e6d33ec\" data-element_type=\"container\" data-e-type=\"container\">\n\t\t\t\t\t<div class=\"e-con-inner\">\n\t\t\t\t<div class=\"elementor-element elementor-element-c8e2675 elementor-widget elementor-widget-heading\" data-id=\"c8e2675\" data-element_type=\"widget\" data-e-type=\"widget\" data-widget_type=\"heading.default\">\n\t\t\t\t<div class=\"elementor-widget-container\">\n\t\t\t\t\t<h2 class=\"elementor-heading-title elementor-size-default\">DATENSCHUTZERKL\u00c4RUNG<\/h2>\t\t\t\t<\/div>\n\t\t\t\t<\/div>\n\t\t\t\t\t<\/div>\n\t\t\t\t<\/div>\n\t\t<div class=\"elementor-element elementor-element-6a99f19 e-flex e-con-boxed wpr-particle-no wpr-jarallax-no wpr-parallax-no wpr-sticky-section-no wpr-equal-height-no e-con e-parent\" data-id=\"6a99f19\" data-element_type=\"container\" data-e-type=\"container\">\n\t\t\t\t\t<div class=\"e-con-inner\">\n\t\t\t\t<div class=\"elementor-element elementor-element-4dec869 elementor-widget elementor-widget-text-editor\" data-id=\"4dec869\" data-element_type=\"widget\" data-e-type=\"widget\" data-widget_type=\"text-editor.default\">\n\t\t\t\t<div class=\"elementor-widget-container\">\n\t\t\t\t\t\t\t\t\t<p data-start=\"251\" data-end=\"481\">Der Schutz Ihrer pers\u00f6nlichen Daten ist uns ein besonderes Anliegen. Wir verarbeiten personenbezogene Daten ausschlie\u00dflich im Einklang mit den geltenden Datenschutzbestimmungen (EU-Datenschutzgrundverordnung Nr. 679\/2016 \u2013 DSGVO).<\/p><h3 data-start=\"483\" data-end=\"507\">Kontakt per E-Mail<\/h3><p data-start=\"508\" data-end=\"730\">Wenn Sie uns per E-Mail kontaktieren, werden Ihre angegebenen Daten (z.\u202fB. Name, E-Mail-Adresse, Inhalt der Nachricht) nur zur Bearbeitung Ihrer Anfrage verwendet. Diese Daten geben wir nicht ohne Ihre Einwilligung weiter.<\/p><p data-start=\"732\" data-end=\"882\">Die Daten werden nur so lange gespeichert, wie es f\u00fcr die Bearbeitung Ihrer Anfrage erforderlich ist oder gesetzliche Aufbewahrungspflichten bestehen.<\/p><h3 data-start=\"884\" data-end=\"925\">Keine automatisierte Datenerfassung<\/h3><p data-start=\"926\" data-end=\"1111\">Unsere Website verwendet <strong data-start=\"951\" data-end=\"968\">keine Cookies<\/strong>, <strong data-start=\"970\" data-end=\"987\">kein Tracking<\/strong> und <strong data-start=\"992\" data-end=\"1015\">keine Analyse-Tools<\/strong>. Es erfolgt keine automatisierte Verarbeitung personenbezogener Daten beim Besuch dieser Seite.<\/p><h3 data-start=\"1113\" data-end=\"1130\">Ihre Rechte<\/h3><p data-start=\"1131\" data-end=\"1560\">Sie haben das Recht auf Auskunft, Berichtigung, L\u00f6schung, Einschr\u00e4nkung, Daten\u00fcbertragbarkeit sowie Widerspruch gegen die Verarbeitung Ihrer personenbezogenen Daten.<br data-start=\"1296\" data-end=\"1299\" \/>Wenn Sie glauben, dass die Verarbeitung Ihrer Daten gegen das Datenschutzrecht verst\u00f6\u00dft, k\u00f6nnen Sie sich bei der italienischen Datenschutzbeh\u00f6rde (Garante per la protezione dei dati personali) beschweren:<br data-start=\"1503\" data-end=\"1506\" \/><a class=\"\" href=\"https:\/\/www.garanteprivacy.it\" target=\"_new\" rel=\"noopener\" data-start=\"1506\" data-end=\"1560\">www.garanteprivacy.it<\/a><\/p>\t\t\t\t\t\t\t\t<\/div>\n\t\t\t\t<\/div>\n\t\t\t\t\t<\/div>\n\t\t\t\t<\/div>\n\t\t\t\t<\/div>","protected":false},"excerpt":{"rendered":"<p>DATENSCHUTZERKL\u00c4RUNG Der Schutz Ihrer pers\u00f6nlichen Daten ist uns ein besonderes Anliegen. Wir verarbeiten personenbezogene Daten ausschlie\u00dflich im Einklang mit den geltenden Datenschutzbestimmungen (EU-Datenschutzgrundverordnung Nr. 679\/2016 \u2013 DSGVO). Kontakt per E-Mail Wenn Sie uns per E-Mail kontaktieren, werden Ihre angegebenen Daten (z.\u202fB. Name, E-Mail-Adresse, Inhalt der Nachricht) nur zur Bearbeitung Ihrer Anfrage verwendet. Diese Daten geben wir nicht ohne Ihre Einwilligung weiter. Die Daten werden nur so lange gespeichert, wie es f\u00fcr die Bearbeitung Ihrer Anfrage erforderlich ist oder gesetzliche Aufbewahrungspflichten bestehen. Keine automatisierte Datenerfassung Unsere Website verwendet keine Cookies, kein Tracking und keine Analyse-Tools. Es erfolgt keine automatisierte Verarbeitung personenbezogener Daten beim Besuch dieser Seite. Ihre Rechte Sie haben das Recht auf Auskunft, Berichtigung, L\u00f6schung, Einschr\u00e4nkung, Daten\u00fcbertragbarkeit sowie Widerspruch gegen die Verarbeitung Ihrer personenbezogenen Daten.Wenn Sie glauben, dass die Verarbeitung Ihrer Daten gegen das Datenschutzrecht verst\u00f6\u00dft, k\u00f6nnen Sie sich bei der italienischen Datenschutzbeh\u00f6rde (Garante per la protezione dei dati personali) beschweren:www.garanteprivacy.it<\/p>","protected":false},"author":1,"featured_media":0,"parent":0,"menu_order":0,"comment_status":"closed","ping_status":"closed","template":"","meta":{"site-sidebar-layout":"no-sidebar","site-content-layout":"","ast-site-content-layout":"default","site-content-style":"default","site-sidebar-style":"default","ast-global-header-display":"","ast-banner-title-visibility":"","ast-main-header-display":"","ast-hfb-above-header-display":"","ast-hfb-below-header-display":"","ast-hfb-mobile-header-display":"","site-post-title":"disabled","ast-breadcrumbs-content":"","ast-featured-img":"disabled","footer-sml-layout":"","ast-disable-related-posts":"","theme-transparent-header-meta":"","adv-header-id-meta":"","stick-header-meta":"","header-above-stick-meta":"","header-main-stick-meta":"","header-below-stick-meta":"","astra-migrate-meta-layouts":"default","ast-page-background-enabled":"default","ast-page-background-meta":{"desktop":{"background-color":"var(--ast-global-color-5)","background-image":"","background-repeat":"repeat","background-position":"center center","background-size":"auto","background-attachment":"scroll","background-type":"","background-media":"","overlay-type":"","overlay-color":"","overlay-opacity":"","overlay-gradient":""},"tablet":{"background-color":"","background-image":"","background-repeat":"repeat","background-position":"center center","background-size":"auto","background-attachment":"scroll","background-type":"","background-media":"","overlay-type":"","overlay-color":"","overlay-opacity":"","overlay-gradient":""},"mobile":{"background-color":"","background-image":"","background-repeat":"repeat","background-position":"center center","background-size":"auto","background-attachment":"scroll","background-type":"","background-media":"","overlay-type":"","overlay-color":"","overlay-opacity":"","overlay-gradient":""}},"ast-content-background-meta":{"desktop":{"background-color":"var(--ast-global-color-4)","background-image":"","background-repeat":"repeat","background-position":"center center","background-size":"auto","background-attachment":"scroll","background-type":"","background-media":"","overlay-type":"","overlay-color":"","overlay-opacity":"","overlay-gradient":""},"tablet":{"background-color":"var(--ast-global-color-4)","background-image":"","background-repeat":"repeat","background-position":"center center","background-size":"auto","background-attachment":"scroll","background-type":"","background-media":"","overlay-type":"","overlay-color":"","overlay-opacity":"","overlay-gradient":""},"mobile":{"background-color":"var(--ast-global-color-4)","background-image":"","background-repeat":"repeat","background-position":"center center","background-size":"auto","background-attachment":"scroll","background-type":"","background-media":"","overlay-type":"","overlay-color":"","overlay-opacity":"","overlay-gradient":""}},"footnotes":""},"class_list":["post-725","page","type-page","status-publish","hentry"],"yoast_head":"<!-- This site is optimized with the Yoast SEO plugin v27.4 - https:\/\/yoast.com\/product\/yoast-seo-wordpress\/ -->\n<title>Privacy - UWALDALM<\/title>\n<meta name=\"robots\" content=\"index, follow, max-snippet:-1, max-image-preview:large, max-video-preview:-1\" \/>\n<link rel=\"canonical\" href=\"https:\/\/lightgrey-fish-528621.hostingersite.com\/it\/privacy\/\" \/>\n<meta property=\"og:locale\" content=\"it_IT\" \/>\n<meta property=\"og:type\" content=\"article\" \/>\n<meta property=\"og:title\" content=\"Privacy - UWALDALM\" \/>\n<meta property=\"og:description\" content=\"DATENSCHUTZERKL\u00c4RUNG Der Schutz Ihrer pers\u00f6nlichen Daten ist uns ein besonderes Anliegen. Wir verarbeiten personenbezogene Daten ausschlie\u00dflich im Einklang mit den geltenden Datenschutzbestimmungen (EU-Datenschutzgrundverordnung Nr. 679\/2016 \u2013 DSGVO). Kontakt per E-Mail Wenn Sie uns per E-Mail kontaktieren, werden Ihre angegebenen Daten (z.\u202fB. Name, E-Mail-Adresse, Inhalt der Nachricht) nur zur Bearbeitung Ihrer Anfrage verwendet. Diese Daten geben wir nicht ohne Ihre Einwilligung weiter. Die Daten werden nur so lange gespeichert, wie es f\u00fcr die Bearbeitung Ihrer Anfrage erforderlich ist oder gesetzliche Aufbewahrungspflichten bestehen. Keine automatisierte Datenerfassung Unsere Website verwendet keine Cookies, kein Tracking und keine Analyse-Tools. Es erfolgt keine automatisierte Verarbeitung personenbezogener Daten beim Besuch dieser Seite. Ihre Rechte Sie haben das Recht auf Auskunft, Berichtigung, L\u00f6schung, Einschr\u00e4nkung, Daten\u00fcbertragbarkeit sowie Widerspruch gegen die Verarbeitung Ihrer personenbezogenen Daten.Wenn Sie glauben, dass die Verarbeitung Ihrer Daten gegen das Datenschutzrecht verst\u00f6\u00dft, k\u00f6nnen Sie sich bei der italienischen Datenschutzbeh\u00f6rde (Garante per la protezione dei dati personali) beschweren:www.garanteprivacy.it\" \/>\n<meta property=\"og:url\" content=\"https:\/\/lightgrey-fish-528621.hostingersite.com\/it\/privacy\/\" \/>\n<meta property=\"og:site_name\" content=\"UWALDALM\" \/>\n<meta property=\"article:modified_time\" content=\"2025-08-13T08:08:39+00:00\" \/>\n<meta name=\"twitter:card\" content=\"summary_large_image\" \/>\n<meta name=\"twitter:label1\" content=\"Tempo di lettura stimato\" \/>\n\t<meta name=\"twitter:data1\" content=\"1 minuto\" \/>\n<script type=\"application\/ld+json\" class=\"yoast-schema-graph\">{\"@context\":\"https:\\\/\\\/schema.org\",\"@graph\":[{\"@type\":\"WebPage\",\"@id\":\"https:\\\/\\\/lightgrey-fish-528621.hostingersite.com\\\/it\\\/privacy\\\/\",\"url\":\"https:\\\/\\\/lightgrey-fish-528621.hostingersite.com\\\/it\\\/privacy\\\/\",\"name\":\"Privacy - UWALDALM\",\"isPartOf\":{\"@id\":\"https:\\\/\\\/uwaldalm.com\\\/#website\"},\"datePublished\":\"2025-06-04T08:23:05+00:00\",\"dateModified\":\"2025-08-13T08:08:39+00:00\",\"breadcrumb\":{\"@id\":\"https:\\\/\\\/lightgrey-fish-528621.hostingersite.com\\\/it\\\/privacy\\\/#breadcrumb\"},\"inLanguage\":\"it-IT\",\"potentialAction\":[{\"@type\":\"ReadAction\",\"target\":[\"https:\\\/\\\/lightgrey-fish-528621.hostingersite.com\\\/it\\\/privacy\\\/\"]}]},{\"@type\":\"BreadcrumbList\",\"@id\":\"https:\\\/\\\/lightgrey-fish-528621.hostingersite.com\\\/it\\\/privacy\\\/#breadcrumb\",\"itemListElement\":[{\"@type\":\"ListItem\",\"position\":1,\"name\":\"Startseite\",\"item\":\"https:\\\/\\\/lightgrey-fish-528621.hostingersite.com\\\/it\\\/\"},{\"@type\":\"ListItem\",\"position\":2,\"name\":\"Privacy\"}]},{\"@type\":\"WebSite\",\"@id\":\"https:\\\/\\\/uwaldalm.com\\\/#website\",\"url\":\"https:\\\/\\\/uwaldalm.com\\\/\",\"name\":\"UWALDALM\",\"description\":\"\",\"potentialAction\":[{\"@type\":\"SearchAction\",\"target\":{\"@type\":\"EntryPoint\",\"urlTemplate\":\"https:\\\/\\\/uwaldalm.com\\\/?s={search_term_string}\"},\"query-input\":{\"@type\":\"PropertyValueSpecification\",\"valueRequired\":true,\"valueName\":\"search_term_string\"}}],\"inLanguage\":\"it-IT\"}]}<\/script>\n<!-- \/ Yoast SEO plugin. -->","yoast_head_json":{"title":"Privacy - UWALDALM","robots":{"index":"index","follow":"follow","max-snippet":"max-snippet:-1","max-image-preview":"max-image-preview:large","max-video-preview":"max-video-preview:-1"},"canonical":"https:\/\/lightgrey-fish-528621.hostingersite.com\/it\/privacy\/","og_locale":"it_IT","og_type":"article","og_title":"Privacy - UWALDALM","og_description":"DATENSCHUTZERKL\u00c4RUNG Der Schutz Ihrer pers\u00f6nlichen Daten ist uns ein besonderes Anliegen. Wir verarbeiten personenbezogene Daten ausschlie\u00dflich im Einklang mit den geltenden Datenschutzbestimmungen (EU-Datenschutzgrundverordnung Nr. 679\/2016 \u2013 DSGVO). Kontakt per E-Mail Wenn Sie uns per E-Mail kontaktieren, werden Ihre angegebenen Daten (z.\u202fB. Name, E-Mail-Adresse, Inhalt der Nachricht) nur zur Bearbeitung Ihrer Anfrage verwendet. Diese Daten geben wir nicht ohne Ihre Einwilligung weiter. Die Daten werden nur so lange gespeichert, wie es f\u00fcr die Bearbeitung Ihrer Anfrage erforderlich ist oder gesetzliche Aufbewahrungspflichten bestehen. Keine automatisierte Datenerfassung Unsere Website verwendet keine Cookies, kein Tracking und keine Analyse-Tools. Es erfolgt keine automatisierte Verarbeitung personenbezogener Daten beim Besuch dieser Seite. Ihre Rechte Sie haben das Recht auf Auskunft, Berichtigung, L\u00f6schung, Einschr\u00e4nkung, Daten\u00fcbertragbarkeit sowie Widerspruch gegen die Verarbeitung Ihrer personenbezogenen Daten.Wenn Sie glauben, dass die Verarbeitung Ihrer Daten gegen das Datenschutzrecht verst\u00f6\u00dft, k\u00f6nnen Sie sich bei der italienischen Datenschutzbeh\u00f6rde (Garante per la protezione dei dati personali) beschweren:www.garanteprivacy.it","og_url":"https:\/\/lightgrey-fish-528621.hostingersite.com\/it\/privacy\/","og_site_name":"UWALDALM","article_modified_time":"2025-08-13T08:08:39+00:00","twitter_card":"summary_large_image","twitter_misc":{"Tempo di lettura stimato":"1 minuto"},"schema":{"@context":"https:\/\/schema.org","@graph":[{"@type":"WebPage","@id":"https:\/\/lightgrey-fish-528621.hostingersite.com\/it\/privacy\/","url":"https:\/\/lightgrey-fish-528621.hostingersite.com\/it\/privacy\/","name":"Privacy - UWALDALM","isPartOf":{"@id":"https:\/\/uwaldalm.com\/#website"},"datePublished":"2025-06-04T08:23:05+00:00","dateModified":"2025-08-13T08:08:39+00:00","breadcrumb":{"@id":"https:\/\/lightgrey-fish-528621.hostingersite.com\/it\/privacy\/#breadcrumb"},"inLanguage":"it-IT","potentialAction":[{"@type":"ReadAction","target":["https:\/\/lightgrey-fish-528621.hostingersite.com\/it\/privacy\/"]}]},{"@type":"BreadcrumbList","@id":"https:\/\/lightgrey-fish-528621.hostingersite.com\/it\/privacy\/#breadcrumb","itemListElement":[{"@type":"ListItem","position":1,"name":"Startseite","item":"https:\/\/lightgrey-fish-528621.hostingersite.com\/it\/"},{"@type":"ListItem","position":2,"name":"Privacy"}]},{"@type":"WebSite","@id":"https:\/\/uwaldalm.com\/#website","url":"https:\/\/uwaldalm.com\/","name":"UWALDALM","description":"","potentialAction":[{"@type":"SearchAction","target":{"@type":"EntryPoint","urlTemplate":"https:\/\/uwaldalm.com\/?s={search_term_string}"},"query-input":{"@type":"PropertyValueSpecification","valueRequired":true,"valueName":"search_term_string"}}],"inLanguage":"it-IT"}]}},"_links":{"self":[{"href":"https:\/\/uwaldalm.com\/it\/wp-json\/wp\/v2\/pages\/725","targetHints":{"allow":["GET"]}}],"collection":[{"href":"https:\/\/uwaldalm.com\/it\/wp-json\/wp\/v2\/pages"}],"about":[{"href":"https:\/\/uwaldalm.com\/it\/wp-json\/wp\/v2\/types\/page"}],"author":[{"embeddable":true,"href":"https:\/\/uwaldalm.com\/it\/wp-json\/wp\/v2\/users\/1"}],"replies":[{"embeddable":true,"href":"https:\/\/uwaldalm.com\/it\/wp-json\/wp\/v2\/comments?post=725"}],"version-history":[{"count":8,"href":"https:\/\/uwaldalm.com\/it\/wp-json\/wp\/v2\/pages\/725\/revisions"}],"predecessor-version":[{"id":1060,"href":"https:\/\/uwaldalm.com\/it\/wp-json\/wp\/v2\/pages\/725\/revisions\/1060"}],"wp:attachment":[{"href":"https:\/\/uwaldalm.com\/it\/wp-json\/wp\/v2\/media?parent=725"}],"curies":[{"name":"wp","href":"https:\/\/api.w.org\/{rel}","templated":true}]}}