{"id":717,"date":"2025-06-04T08:17:08","date_gmt":"2025-06-04T08:17:08","guid":{"rendered":"https:\/\/uwaldalm.com\/?page_id=717"},"modified":"2025-08-13T08:00:03","modified_gmt":"2025-08-13T08:00:03","slug":"impressum","status":"publish","type":"page","link":"https:\/\/uwaldalm.com\/it\/impressum\/","title":{"rendered":"Impressum"},"content":{"rendered":"<div data-elementor-type=\"wp-page\" data-elementor-id=\"717\" class=\"elementor elementor-717\">\n\t\t\t\t<div class=\"elementor-element elementor-element-ccdb01e e-flex e-con-boxed wpr-particle-no wpr-jarallax-no wpr-parallax-no wpr-sticky-section-no wpr-equal-height-no e-con e-parent\" data-id=\"ccdb01e\" data-element_type=\"container\" data-e-type=\"container\">\n\t\t\t\t\t<div class=\"e-con-inner\">\n\t\t\t\t<div class=\"elementor-element elementor-element-9fe3a3e elementor-widget elementor-widget-heading\" data-id=\"9fe3a3e\" data-element_type=\"widget\" data-e-type=\"widget\" data-widget_type=\"heading.default\">\n\t\t\t\t<div class=\"elementor-widget-container\">\n\t\t\t\t\t<h2 class=\"elementor-heading-title elementor-size-default\">INFORMAZIONI LEGALI<\/h2>\t\t\t\t<\/div>\n\t\t\t\t<\/div>\n\t\t\t\t\t<\/div>\n\t\t\t\t<\/div>\n\t\t<div class=\"elementor-element elementor-element-33d1f9e e-flex e-con-boxed wpr-particle-no wpr-jarallax-no wpr-parallax-no wpr-sticky-section-no wpr-equal-height-no e-con e-parent\" data-id=\"33d1f9e\" data-element_type=\"container\" data-e-type=\"container\">\n\t\t\t\t\t<div class=\"e-con-inner\">\n\t\t\t\t<div class=\"elementor-element elementor-element-3ddb5b5 elementor-widget elementor-widget-text-editor\" data-id=\"3ddb5b5\" data-element_type=\"widget\" data-e-type=\"widget\" data-widget_type=\"text-editor.default\">\n\t\t\t\t<div class=\"elementor-widget-container\">\n\t\t\t\t\t\t\t\t\t<p data-start=\"253\" data-end=\"361\"><strong data-start=\"253\" data-end=\"266\">Uwald Alm<\/strong><br data-start=\"266\" data-end=\"269\" \/>Klettenhammer Cristoph<br data-start=\"291\" data-end=\"294\" \/>39030 Sankt Magdalena<br data-start=\"315\" data-end=\"318\" \/>Autonome Provinz Bozen \u2013 S\u00fcdtirol<br data-start=\"351\" data-end=\"354\" \/>Italien<\/p><p data-start=\"363\" data-end=\"432\"><strong data-start=\"363\" data-end=\"375\">Telefono:<\/strong> +39 348 895 2719<br data-start=\"392\" data-end=\"395\" \/><strong data-start=\"395\" data-end=\"406\">E-Mail:<\/strong> <a class=\"cursor-pointer\" rel=\"noopener\" data-start=\"407\" data-end=\"432\">klettenhammer@hotmail.com<\/a><\/p><hr data-start=\"434\" data-end=\"437\" \/><h3 data-start=\"439\" data-end=\"489\">Verantwortlich f\u00fcr den Inhalt dieser Website<\/h3><p data-start=\"490\" data-end=\"512\">Klettenhammer Cristoph<\/p><hr data-start=\"514\" data-end=\"517\" \/><h3 data-start=\"519\" data-end=\"543\">Haftungsausschluss<\/h3><p data-start=\"544\" data-end=\"740\">Die Inhalte dieser Website wurden mit gr\u00f6\u00dfter Sorgfalt erstellt. F\u00fcr die Richtigkeit, Vollst\u00e4ndigkeit und Aktualit\u00e4t der Inhalte kann jedoch keine Gew\u00e4hr \u00fcbernommen werden. \u00c4nderungen vorbehalten.<\/p><hr data-start=\"742\" data-end=\"745\" \/><h3 data-start=\"747\" data-end=\"765\">Urheberrecht<\/h3><p data-start=\"766\" data-end=\"931\">Alle Inhalte dieser Website (Texte, Bilder, Fotos) sind urheberrechtlich gesch\u00fctzt. Die Nutzung ohne ausdr\u00fcckliche Zustimmung des Rechteinhabers ist nicht gestattet.<\/p><hr data-start=\"933\" data-end=\"936\" \/><h3 data-start=\"938\" data-end=\"966\">Online-Streitbeilegung<\/h3><p data-start=\"967\" data-end=\"1125\">Die Europ\u00e4ische Kommission stellt eine Plattform zur Online-Streitbeilegung bereit:<br data-start=\"1050\" data-end=\"1053\" \/><a class=\"\" href=\"https:\/\/ec.europa.eu\/consumers\/odr\" target=\"_new\" rel=\"noopener\" data-start=\"1053\" data-end=\"1125\">https:\/\/ec.europa.eu\/consumers\/odr<\/a><\/p>\t\t\t\t\t\t\t\t<\/div>\n\t\t\t\t<\/div>\n\t\t\t\t\t<\/div>\n\t\t\t\t<\/div>\n\t\t\t\t<\/div>","protected":false},"excerpt":{"rendered":"<p>IMPRESSUM Uwald AlmKlettenhammer Cristoph39030 Sankt MagdalenaAutonome Provinz Bozen \u2013 S\u00fcdtirolItalien Telefon: +39 348 895 2719E-Mail: klettenhammer@hotmail.com Verantwortlich f\u00fcr den Inhalt dieser Website Klettenhammer Cristoph Haftungsausschluss Die Inhalte dieser Website wurden mit gr\u00f6\u00dfter Sorgfalt erstellt. F\u00fcr die Richtigkeit, Vollst\u00e4ndigkeit und Aktualit\u00e4t der Inhalte kann jedoch keine Gew\u00e4hr \u00fcbernommen werden. \u00c4nderungen vorbehalten. Urheberrecht Alle Inhalte dieser Website (Texte, Bilder, Fotos) sind urheberrechtlich gesch\u00fctzt. Die Nutzung ohne ausdr\u00fcckliche Zustimmung des Rechteinhabers ist nicht gestattet. Online-Streitbeilegung Die Europ\u00e4ische Kommission stellt eine Plattform zur Online-Streitbeilegung bereit:https:\/\/ec.europa.eu\/consumers\/odr<\/p>","protected":false},"author":1,"featured_media":0,"parent":0,"menu_order":0,"comment_status":"closed","ping_status":"closed","template":"","meta":{"site-sidebar-layout":"default","site-content-layout":"","ast-site-content-layout":"default","site-content-style":"default","site-sidebar-style":"default","ast-global-header-display":"","ast-banner-title-visibility":"","ast-main-header-display":"","ast-hfb-above-header-display":"","ast-hfb-below-header-display":"","ast-hfb-mobile-header-display":"","site-post-title":"","ast-breadcrumbs-content":"","ast-featured-img":"","footer-sml-layout":"","ast-disable-related-posts":"","theme-transparent-header-meta":"","adv-header-id-meta":"","stick-header-meta":"","header-above-stick-meta":"","header-main-stick-meta":"","header-below-stick-meta":"","astra-migrate-meta-layouts":"default","ast-page-background-enabled":"default","ast-page-background-meta":{"desktop":{"background-color":"var(--ast-global-color-5)","background-image":"","background-repeat":"repeat","background-position":"center center","background-size":"auto","background-attachment":"scroll","background-type":"","background-media":"","overlay-type":"","overlay-color":"","overlay-opacity":"","overlay-gradient":""},"tablet":{"background-color":"","background-image":"","background-repeat":"repeat","background-position":"center center","background-size":"auto","background-attachment":"scroll","background-type":"","background-media":"","overlay-type":"","overlay-color":"","overlay-opacity":"","overlay-gradient":""},"mobile":{"background-color":"","background-image":"","background-repeat":"repeat","background-position":"center center","background-size":"auto","background-attachment":"scroll","background-type":"","background-media":"","overlay-type":"","overlay-color":"","overlay-opacity":"","overlay-gradient":""}},"ast-content-background-meta":{"desktop":{"background-color":"var(--ast-global-color-4)","background-image":"","background-repeat":"repeat","background-position":"center center","background-size":"auto","background-attachment":"scroll","background-type":"","background-media":"","overlay-type":"","overlay-color":"","overlay-opacity":"","overlay-gradient":""},"tablet":{"background-color":"var(--ast-global-color-4)","background-image":"","background-repeat":"repeat","background-position":"center center","background-size":"auto","background-attachment":"scroll","background-type":"","background-media":"","overlay-type":"","overlay-color":"","overlay-opacity":"","overlay-gradient":""},"mobile":{"background-color":"var(--ast-global-color-4)","background-image":"","background-repeat":"repeat","background-position":"center center","background-size":"auto","background-attachment":"scroll","background-type":"","background-media":"","overlay-type":"","overlay-color":"","overlay-opacity":"","overlay-gradient":""}},"footnotes":""},"class_list":["post-717","page","type-page","status-publish","hentry"],"yoast_head":"<!-- This site is optimized with the Yoast SEO plugin v27.4 - https:\/\/yoast.com\/product\/yoast-seo-wordpress\/ -->\n<title>Impressum - UWALDALM<\/title>\n<meta name=\"robots\" content=\"index, follow, max-snippet:-1, max-image-preview:large, max-video-preview:-1\" \/>\n<link rel=\"canonical\" href=\"https:\/\/lightgrey-fish-528621.hostingersite.com\/it\/impressum\/\" \/>\n<meta property=\"og:locale\" content=\"it_IT\" \/>\n<meta property=\"og:type\" content=\"article\" \/>\n<meta property=\"og:title\" content=\"Impressum - UWALDALM\" \/>\n<meta property=\"og:description\" content=\"IMPRESSUM Uwald AlmKlettenhammer Cristoph39030 Sankt MagdalenaAutonome Provinz Bozen \u2013 S\u00fcdtirolItalien Telefon: +39 348 895 2719E-Mail: klettenhammer@hotmail.com Verantwortlich f\u00fcr den Inhalt dieser Website Klettenhammer Cristoph Haftungsausschluss Die Inhalte dieser Website wurden mit gr\u00f6\u00dfter Sorgfalt erstellt. F\u00fcr die Richtigkeit, Vollst\u00e4ndigkeit und Aktualit\u00e4t der Inhalte kann jedoch keine Gew\u00e4hr \u00fcbernommen werden. \u00c4nderungen vorbehalten. Urheberrecht Alle Inhalte dieser Website (Texte, Bilder, Fotos) sind urheberrechtlich gesch\u00fctzt. Die Nutzung ohne ausdr\u00fcckliche Zustimmung des Rechteinhabers ist nicht gestattet. Online-Streitbeilegung Die Europ\u00e4ische Kommission stellt eine Plattform zur Online-Streitbeilegung bereit:https:\/\/ec.europa.eu\/consumers\/odr\" \/>\n<meta property=\"og:url\" content=\"https:\/\/lightgrey-fish-528621.hostingersite.com\/it\/impressum\/\" \/>\n<meta property=\"og:site_name\" content=\"UWALDALM\" \/>\n<meta property=\"article:modified_time\" content=\"2025-08-13T08:00:03+00:00\" \/>\n<meta name=\"twitter:card\" content=\"summary_large_image\" \/>\n<script type=\"application\/ld+json\" class=\"yoast-schema-graph\">{\"@context\":\"https:\\\/\\\/schema.org\",\"@graph\":[{\"@type\":\"WebPage\",\"@id\":\"https:\\\/\\\/lightgrey-fish-528621.hostingersite.com\\\/it\\\/impressum\\\/\",\"url\":\"https:\\\/\\\/lightgrey-fish-528621.hostingersite.com\\\/it\\\/impressum\\\/\",\"name\":\"Impressum - UWALDALM\",\"isPartOf\":{\"@id\":\"https:\\\/\\\/uwaldalm.com\\\/#website\"},\"datePublished\":\"2025-06-04T08:17:08+00:00\",\"dateModified\":\"2025-08-13T08:00:03+00:00\",\"breadcrumb\":{\"@id\":\"https:\\\/\\\/lightgrey-fish-528621.hostingersite.com\\\/it\\\/impressum\\\/#breadcrumb\"},\"inLanguage\":\"it-IT\",\"potentialAction\":[{\"@type\":\"ReadAction\",\"target\":[\"https:\\\/\\\/lightgrey-fish-528621.hostingersite.com\\\/it\\\/impressum\\\/\"]}]},{\"@type\":\"BreadcrumbList\",\"@id\":\"https:\\\/\\\/lightgrey-fish-528621.hostingersite.com\\\/it\\\/impressum\\\/#breadcrumb\",\"itemListElement\":[{\"@type\":\"ListItem\",\"position\":1,\"name\":\"Startseite\",\"item\":\"https:\\\/\\\/lightgrey-fish-528621.hostingersite.com\\\/it\\\/\"},{\"@type\":\"ListItem\",\"position\":2,\"name\":\"Impressum\"}]},{\"@type\":\"WebSite\",\"@id\":\"https:\\\/\\\/uwaldalm.com\\\/#website\",\"url\":\"https:\\\/\\\/uwaldalm.com\\\/\",\"name\":\"UWALDALM\",\"description\":\"\",\"potentialAction\":[{\"@type\":\"SearchAction\",\"target\":{\"@type\":\"EntryPoint\",\"urlTemplate\":\"https:\\\/\\\/uwaldalm.com\\\/?s={search_term_string}\"},\"query-input\":{\"@type\":\"PropertyValueSpecification\",\"valueRequired\":true,\"valueName\":\"search_term_string\"}}],\"inLanguage\":\"it-IT\"}]}<\/script>\n<!-- \/ Yoast SEO plugin. -->","yoast_head_json":{"title":"Impressum - UWALDALM","robots":{"index":"index","follow":"follow","max-snippet":"max-snippet:-1","max-image-preview":"max-image-preview:large","max-video-preview":"max-video-preview:-1"},"canonical":"https:\/\/lightgrey-fish-528621.hostingersite.com\/it\/impressum\/","og_locale":"it_IT","og_type":"article","og_title":"Impressum - UWALDALM","og_description":"IMPRESSUM Uwald AlmKlettenhammer Cristoph39030 Sankt MagdalenaAutonome Provinz Bozen \u2013 S\u00fcdtirolItalien Telefon: +39 348 895 2719E-Mail: klettenhammer@hotmail.com Verantwortlich f\u00fcr den Inhalt dieser Website Klettenhammer Cristoph Haftungsausschluss Die Inhalte dieser Website wurden mit gr\u00f6\u00dfter Sorgfalt erstellt. F\u00fcr die Richtigkeit, Vollst\u00e4ndigkeit und Aktualit\u00e4t der Inhalte kann jedoch keine Gew\u00e4hr \u00fcbernommen werden. \u00c4nderungen vorbehalten. Urheberrecht Alle Inhalte dieser Website (Texte, Bilder, Fotos) sind urheberrechtlich gesch\u00fctzt. Die Nutzung ohne ausdr\u00fcckliche Zustimmung des Rechteinhabers ist nicht gestattet. Online-Streitbeilegung Die Europ\u00e4ische Kommission stellt eine Plattform zur Online-Streitbeilegung bereit:https:\/\/ec.europa.eu\/consumers\/odr","og_url":"https:\/\/lightgrey-fish-528621.hostingersite.com\/it\/impressum\/","og_site_name":"UWALDALM","article_modified_time":"2025-08-13T08:00:03+00:00","twitter_card":"summary_large_image","schema":{"@context":"https:\/\/schema.org","@graph":[{"@type":"WebPage","@id":"https:\/\/lightgrey-fish-528621.hostingersite.com\/it\/impressum\/","url":"https:\/\/lightgrey-fish-528621.hostingersite.com\/it\/impressum\/","name":"Impressum - UWALDALM","isPartOf":{"@id":"https:\/\/uwaldalm.com\/#website"},"datePublished":"2025-06-04T08:17:08+00:00","dateModified":"2025-08-13T08:00:03+00:00","breadcrumb":{"@id":"https:\/\/lightgrey-fish-528621.hostingersite.com\/it\/impressum\/#breadcrumb"},"inLanguage":"it-IT","potentialAction":[{"@type":"ReadAction","target":["https:\/\/lightgrey-fish-528621.hostingersite.com\/it\/impressum\/"]}]},{"@type":"BreadcrumbList","@id":"https:\/\/lightgrey-fish-528621.hostingersite.com\/it\/impressum\/#breadcrumb","itemListElement":[{"@type":"ListItem","position":1,"name":"Startseite","item":"https:\/\/lightgrey-fish-528621.hostingersite.com\/it\/"},{"@type":"ListItem","position":2,"name":"Impressum"}]},{"@type":"WebSite","@id":"https:\/\/uwaldalm.com\/#website","url":"https:\/\/uwaldalm.com\/","name":"UWALDALM","description":"","potentialAction":[{"@type":"SearchAction","target":{"@type":"EntryPoint","urlTemplate":"https:\/\/uwaldalm.com\/?s={search_term_string}"},"query-input":{"@type":"PropertyValueSpecification","valueRequired":true,"valueName":"search_term_string"}}],"inLanguage":"it-IT"}]}},"_links":{"self":[{"href":"https:\/\/uwaldalm.com\/it\/wp-json\/wp\/v2\/pages\/717","targetHints":{"allow":["GET"]}}],"collection":[{"href":"https:\/\/uwaldalm.com\/it\/wp-json\/wp\/v2\/pages"}],"about":[{"href":"https:\/\/uwaldalm.com\/it\/wp-json\/wp\/v2\/types\/page"}],"author":[{"embeddable":true,"href":"https:\/\/uwaldalm.com\/it\/wp-json\/wp\/v2\/users\/1"}],"replies":[{"embeddable":true,"href":"https:\/\/uwaldalm.com\/it\/wp-json\/wp\/v2\/comments?post=717"}],"version-history":[{"count":10,"href":"https:\/\/uwaldalm.com\/it\/wp-json\/wp\/v2\/pages\/717\/revisions"}],"predecessor-version":[{"id":1057,"href":"https:\/\/uwaldalm.com\/it\/wp-json\/wp\/v2\/pages\/717\/revisions\/1057"}],"wp:attachment":[{"href":"https:\/\/uwaldalm.com\/it\/wp-json\/wp\/v2\/media?parent=717"}],"curies":[{"name":"wp","href":"https:\/\/api.w.org\/{rel}","templated":true}]}}